{"id":2707,"date":"2025-09-01T11:34:18","date_gmt":"2025-09-01T11:34:18","guid":{"rendered":"https:\/\/patriziamartos.com\/?post_type=product&#038;p=2707"},"modified":"2025-09-11T14:01:36","modified_gmt":"2025-09-11T14:01:36","slug":"blue-dino-print","status":"publish","type":"product","link":"https:\/\/patriziamartos.com\/es\/producto\/blue-dino-print\/","title":{"rendered":"\"DINO AZUL\" IMPRESI\u00d3N DE ARTE"},"content":{"rendered":"","protected":false},"excerpt":{"rendered":"<p>Las l\u00e1minas est\u00e1n disponibles en tres tama\u00f1os (A5, A4 y A3)<\/p>\n<p>Tama\u00f1os:<\/p>\n<p>A5 \u2013 14,8 x 21 cm (5,8\u2033 x 8,3\u2033)<\/p>\n<p class=\"p1\"><span class=\"s1\">A4 \u2013 21 x 29,7 cm (9\u2033 x 12\u2033)<\/span><\/p>\n<p>A3 \u2013 \u00a029,7 x 42 cm (11.7\u2033 x 16.5\u2033)<\/p>\n<p>Las l\u00e1minas van en una bolsa de celof\u00e1n con su cart\u00f3n de refuerzo y todo ello dentro de un sobre de cart\u00f3n r\u00edgido.<\/p>\n<p>Las l\u00e1minas vienen sin marco<\/p>","protected":false},"featured_media":2708,"template":"","meta":[],"product_brand":[],"product_cat":[26,19],"product_tag":[],"class_list":{"0":"post-2707","1":"product","2":"type-product","3":"status-publish","4":"has-post-thumbnail","6":"product_cat-kids-prints","7":"product_cat-prints","9":"first","10":"instock","11":"taxable","12":"shipping-taxable","13":"purchasable","14":"product-type-variable"},"_links":{"self":[{"href":"https:\/\/patriziamartos.com\/es\/wp-json\/wp\/v2\/product\/2707","targetHints":{"allow":["GET"]}}],"collection":[{"href":"https:\/\/patriziamartos.com\/es\/wp-json\/wp\/v2\/product"}],"about":[{"href":"https:\/\/patriziamartos.com\/es\/wp-json\/wp\/v2\/types\/product"}],"version-history":[{"count":3,"href":"https:\/\/patriziamartos.com\/es\/wp-json\/wp\/v2\/product\/2707\/revisions"}],"predecessor-version":[{"id":2747,"href":"https:\/\/patriziamartos.com\/es\/wp-json\/wp\/v2\/product\/2707\/revisions\/2747"}],"wp:featuredmedia":[{"embeddable":true,"href":"https:\/\/patriziamartos.com\/es\/wp-json\/wp\/v2\/media\/2708"}],"wp:attachment":[{"href":"https:\/\/patriziamartos.com\/es\/wp-json\/wp\/v2\/media?parent=2707"}],"wp:term":[{"taxonomy":"product_brand","embeddable":true,"href":"https:\/\/patriziamartos.com\/es\/wp-json\/wp\/v2\/product_brand?post=2707"},{"taxonomy":"product_cat","embeddable":true,"href":"https:\/\/patriziamartos.com\/es\/wp-json\/wp\/v2\/product_cat?post=2707"},{"taxonomy":"product_tag","embeddable":true,"href":"https:\/\/patriziamartos.com\/es\/wp-json\/wp\/v2\/product_tag?post=2707"}],"curies":[{"name":"wp","href":"https:\/\/api.w.org\/{rel}","templated":true}]}}