{"id":1344,"date":"2024-08-13T13:00:21","date_gmt":"2024-08-13T13:00:21","guid":{"rendered":"https:\/\/patriziamartos.com\/?post_type=product&#038;p=1344"},"modified":"2025-09-01T12:22:01","modified_gmt":"2025-09-01T12:22:01","slug":"print-beyond-the-stars","status":"publish","type":"product","link":"https:\/\/patriziamartos.com\/es\/producto\/print-beyond-the-stars\/","title":{"rendered":"\"M\u00c1S ALL\u00c1 DE LAS ESTRELLAS\" IMPRESI\u00d3N DE ARTE"},"content":{"rendered":"","protected":false},"excerpt":{"rendered":"<p>Print available in two sizes (A5, A4 and A3)<\/p>\n<p>Tama\u00f1os:<\/p>\n<p>A5 \u2013 14,8 x 21 cm (5,8\u2033 x 8,3\u2033)<\/p>\n<p class=\"p1\"><span class=\"s1\">A4 \u2013 21 x 29,7 cm (9\u2033 x 12\u2033)<\/span><\/p>\n<p>A3 \u2013 \u00a029,7 x 42 cm (11.7\u2033 x 16.5\u2033)<\/p>\n<p>Las l\u00e1minas van en una bolsa de celof\u00e1n con su cart\u00f3n de refuerzo y todo ello dentro de un sobre de cart\u00f3n r\u00edgido.<\/p>\n<p>Las l\u00e1minas vienen sin marco<\/p>","protected":false},"featured_media":1345,"template":"","meta":[],"product_brand":[],"product_cat":[19],"product_tag":[],"class_list":{"0":"post-1344","1":"product","2":"type-product","3":"status-publish","4":"has-post-thumbnail","6":"product_cat-prints","8":"first","9":"instock","10":"taxable","11":"shipping-taxable","12":"purchasable","13":"product-type-variable"},"_links":{"self":[{"href":"https:\/\/patriziamartos.com\/es\/wp-json\/wp\/v2\/product\/1344","targetHints":{"allow":["GET"]}}],"collection":[{"href":"https:\/\/patriziamartos.com\/es\/wp-json\/wp\/v2\/product"}],"about":[{"href":"https:\/\/patriziamartos.com\/es\/wp-json\/wp\/v2\/types\/product"}],"version-history":[{"count":5,"href":"https:\/\/patriziamartos.com\/es\/wp-json\/wp\/v2\/product\/1344\/revisions"}],"predecessor-version":[{"id":2733,"href":"https:\/\/patriziamartos.com\/es\/wp-json\/wp\/v2\/product\/1344\/revisions\/2733"}],"wp:featuredmedia":[{"embeddable":true,"href":"https:\/\/patriziamartos.com\/es\/wp-json\/wp\/v2\/media\/1345"}],"wp:attachment":[{"href":"https:\/\/patriziamartos.com\/es\/wp-json\/wp\/v2\/media?parent=1344"}],"wp:term":[{"taxonomy":"product_brand","embeddable":true,"href":"https:\/\/patriziamartos.com\/es\/wp-json\/wp\/v2\/product_brand?post=1344"},{"taxonomy":"product_cat","embeddable":true,"href":"https:\/\/patriziamartos.com\/es\/wp-json\/wp\/v2\/product_cat?post=1344"},{"taxonomy":"product_tag","embeddable":true,"href":"https:\/\/patriziamartos.com\/es\/wp-json\/wp\/v2\/product_tag?post=1344"}],"curies":[{"name":"wp","href":"https:\/\/api.w.org\/{rel}","templated":true}]}}