{"id":1332,"date":"2024-08-13T12:49:26","date_gmt":"2024-08-13T12:49:26","guid":{"rendered":"https:\/\/patriziamartos.com\/?post_type=product&#038;p=1332"},"modified":"2025-09-01T12:22:39","modified_gmt":"2025-09-01T12:22:39","slug":"print-spanish-vase","status":"publish","type":"product","link":"https:\/\/patriziamartos.com\/es\/producto\/print-spanish-vase\/","title":{"rendered":"\"JARR\u00d3N BOHEMIO\" IMPRESI\u00d3N DE ARTE"},"content":{"rendered":"","protected":false},"excerpt":{"rendered":"<p>Print available in size A5 and A4.<\/p>\n<p>Tama\u00f1os:<\/p>\n<p>A5 \u2013 14,8 x 21 cm (5,8\u2033 x 8,3\u2033)<\/p>\n<p>A4<span class=\"s1\">\u00a0\u2013 21 x 29,7 cm (9\u2033 x 12\u2033)<\/span><\/p>\n<p>Las l\u00e1minas van en una bolsa de celof\u00e1n con su cart\u00f3n de refuerzo y todo ello dentro de un sobre de cart\u00f3n r\u00edgido.<\/p>\n<p>Las l\u00e1minas vienen sin marco<\/p>","protected":false},"featured_media":1333,"template":"","meta":[],"product_brand":[],"product_cat":[19],"product_tag":[],"class_list":{"0":"post-1332","1":"product","2":"type-product","3":"status-publish","4":"has-post-thumbnail","6":"product_cat-prints","8":"first","9":"instock","10":"taxable","11":"shipping-taxable","12":"purchasable","13":"product-type-variable"},"_links":{"self":[{"href":"https:\/\/patriziamartos.com\/es\/wp-json\/wp\/v2\/product\/1332","targetHints":{"allow":["GET"]}}],"collection":[{"href":"https:\/\/patriziamartos.com\/es\/wp-json\/wp\/v2\/product"}],"about":[{"href":"https:\/\/patriziamartos.com\/es\/wp-json\/wp\/v2\/types\/product"}],"version-history":[{"count":4,"href":"https:\/\/patriziamartos.com\/es\/wp-json\/wp\/v2\/product\/1332\/revisions"}],"predecessor-version":[{"id":2735,"href":"https:\/\/patriziamartos.com\/es\/wp-json\/wp\/v2\/product\/1332\/revisions\/2735"}],"wp:featuredmedia":[{"embeddable":true,"href":"https:\/\/patriziamartos.com\/es\/wp-json\/wp\/v2\/media\/1333"}],"wp:attachment":[{"href":"https:\/\/patriziamartos.com\/es\/wp-json\/wp\/v2\/media?parent=1332"}],"wp:term":[{"taxonomy":"product_brand","embeddable":true,"href":"https:\/\/patriziamartos.com\/es\/wp-json\/wp\/v2\/product_brand?post=1332"},{"taxonomy":"product_cat","embeddable":true,"href":"https:\/\/patriziamartos.com\/es\/wp-json\/wp\/v2\/product_cat?post=1332"},{"taxonomy":"product_tag","embeddable":true,"href":"https:\/\/patriziamartos.com\/es\/wp-json\/wp\/v2\/product_tag?post=1332"}],"curies":[{"name":"wp","href":"https:\/\/api.w.org\/{rel}","templated":true}]}}