{"id":1302,"date":"2024-08-13T11:44:01","date_gmt":"2024-08-13T11:44:01","guid":{"rendered":"https:\/\/patriziamartos.com\/?post_type=product&#038;p=1302"},"modified":"2025-09-01T12:23:25","modified_gmt":"2025-09-01T12:23:25","slug":"print-birds-and-felines","status":"publish","type":"product","link":"https:\/\/patriziamartos.com\/es\/producto\/print-birds-and-felines\/","title":{"rendered":"\"AVES Y FELINOS\" IMPRESI\u00d3N DE ARTE"},"content":{"rendered":"","protected":false},"excerpt":{"rendered":"<p>Print available in two sizes (A5, A4 and A3)<\/p>\n<p>Tama\u00f1os:<\/p>\n<p>A5 \u2013 14,8 x 21 cm (5,8\u2033 x 8,3\u2033)<\/p>\n<p class=\"p1\"><span class=\"s1\">A4 \u2013 21 x 29,7 cm (9\u2033 x 12\u2033)<\/span><\/p>\n<p>A3 \u2013 \u00a029,7 x 42 cm (11.7\u2033 x 16.5\u2033)<\/p>\n<p>Las l\u00e1minas van en una bolsa de celof\u00e1n con su cart\u00f3n de refuerzo y todo ello dentro de un sobre de cart\u00f3n r\u00edgido.<\/p>\n<p>Las l\u00e1minas vienen sin marco<\/p>","protected":false},"featured_media":1303,"template":"","meta":[],"product_brand":[],"product_cat":[19],"product_tag":[],"class_list":{"0":"post-1302","1":"product","2":"type-product","3":"status-publish","4":"has-post-thumbnail","6":"product_cat-prints","8":"first","9":"instock","10":"taxable","11":"shipping-taxable","12":"purchasable","13":"product-type-variable"},"_links":{"self":[{"href":"https:\/\/patriziamartos.com\/es\/wp-json\/wp\/v2\/product\/1302","targetHints":{"allow":["GET"]}}],"collection":[{"href":"https:\/\/patriziamartos.com\/es\/wp-json\/wp\/v2\/product"}],"about":[{"href":"https:\/\/patriziamartos.com\/es\/wp-json\/wp\/v2\/types\/product"}],"version-history":[{"count":4,"href":"https:\/\/patriziamartos.com\/es\/wp-json\/wp\/v2\/product\/1302\/revisions"}],"predecessor-version":[{"id":2737,"href":"https:\/\/patriziamartos.com\/es\/wp-json\/wp\/v2\/product\/1302\/revisions\/2737"}],"wp:featuredmedia":[{"embeddable":true,"href":"https:\/\/patriziamartos.com\/es\/wp-json\/wp\/v2\/media\/1303"}],"wp:attachment":[{"href":"https:\/\/patriziamartos.com\/es\/wp-json\/wp\/v2\/media?parent=1302"}],"wp:term":[{"taxonomy":"product_brand","embeddable":true,"href":"https:\/\/patriziamartos.com\/es\/wp-json\/wp\/v2\/product_brand?post=1302"},{"taxonomy":"product_cat","embeddable":true,"href":"https:\/\/patriziamartos.com\/es\/wp-json\/wp\/v2\/product_cat?post=1302"},{"taxonomy":"product_tag","embeddable":true,"href":"https:\/\/patriziamartos.com\/es\/wp-json\/wp\/v2\/product_tag?post=1302"}],"curies":[{"name":"wp","href":"https:\/\/api.w.org\/{rel}","templated":true}]}}