{"id":871,"date":"2024-08-06T09:10:25","date_gmt":"2024-08-06T09:10:25","guid":{"rendered":"https:\/\/patriziamartos.com\/?page_id=871"},"modified":"2026-03-24T10:43:56","modified_gmt":"2026-03-24T10:43:56","slug":"custom-portraits","status":"publish","type":"page","link":"https:\/\/patriziamartos.com\/es\/custom-portraits\/","title":{"rendered":"RETRATOS"},"content":{"rendered":"<div data-elementor-type=\"wp-page\" data-elementor-id=\"871\" class=\"elementor elementor-871\">\n\t\t\t\t\t\t<section class=\"elementor-section elementor-top-section elementor-element elementor-element-f9465bc elementor-section-full_width elementor-section-height-default elementor-section-height-default\" data-id=\"f9465bc\" data-element_type=\"section\">\n\t\t\t\t\t\t<div class=\"elementor-container elementor-column-gap-default\">\n\t\t\t\t\t<div class=\"elementor-column elementor-col-100 elementor-top-column elementor-element elementor-element-86cab65\" data-id=\"86cab65\" data-element_type=\"column\">\n\t\t\t<div class=\"elementor-widget-wrap elementor-element-populated\">\n\t\t\t\t\t\t<div class=\"elementor-element elementor-element-f3002b7 elementor-widget__width-initial elementor-widget-mobile__width-initial elementor-widget elementor-widget-woolentor-product-tab\" data-id=\"f3002b7\" data-element_type=\"widget\" data-widget_type=\"woolentor-product-tab.default\">\n\t\t\t\t<div class=\"elementor-widget-container\">\n\t\t\t\t\t          \n        <div class=\"product-style\">\n\n            \n                            <div class=\"ht-row\">\n                    \n                        <div class=\"ht-col-lg-12 ht-col-md-6 ht-col-sm-6 ht-col-xs-12 mb-50\">\n                            \n                                <div class=\"product-item\">\n\n                                    <div class=\"product-inner\">\n                                        <div class=\"image-wrap\">\n                                            <a href=\"https:\/\/patriziamartos.com\/es\/producto\/custom-portraits\/\" class=\"image\">\n                                                <img fetchpriority=\"high\" decoding=\"async\" width=\"300\" height=\"300\" src=\"https:\/\/patriziamartos.com\/wp-content\/uploads\/2024\/08\/Sin-titulo-2-300x300.png\" class=\"attachment-woocommerce_thumbnail size-woocommerce_thumbnail\" alt=\"CUSTOM PORTRAITS\" srcset=\"https:\/\/patriziamartos.com\/wp-content\/uploads\/2024\/08\/Sin-titulo-2-300x300.png 300w, https:\/\/patriziamartos.com\/wp-content\/uploads\/2024\/08\/Sin-titulo-2-1024x1024.png 1024w, https:\/\/patriziamartos.com\/wp-content\/uploads\/2024\/08\/Sin-titulo-2-150x150.png 150w, https:\/\/patriziamartos.com\/wp-content\/uploads\/2024\/08\/Sin-titulo-2-768x768.png 768w, https:\/\/patriziamartos.com\/wp-content\/uploads\/2024\/08\/Sin-titulo-2-600x600.png 600w, https:\/\/patriziamartos.com\/wp-content\/uploads\/2024\/08\/Sin-titulo-2-100x100.png 100w, https:\/\/patriziamartos.com\/wp-content\/uploads\/2024\/08\/Sin-titulo-2.png 1200w\" sizes=\"(max-width: 300px) 100vw, 300px\" \/>                                            <\/a>\n                                                                                                                                        <div class=\"actions\">\n                                                    <a href=\"https:\/\/patriziamartos.com\/es\/producto\/custom-portraits\/\" aria-describedby=\"woocommerce_loop_add_to_cart_link_describedby_1645\" data-quantity=\"1\" class=\"button product_type_variable add_to_cart_button\" data-product_id=\"1645\" data-product_sku=\"\" aria-label=\"Elige las opciones para \u201cCUSTOM PORTRAITS\u201d\" rel=\"nofollow\" data-product_name=\"CUSTOM PORTRAITS\" data-price=\"120\" data-no-translation=\"\" data-trp-gettext=\"\" data-no-translation-aria-label=\"\">Seleccionar opciones<\/a>\t<span id=\"woocommerce_loop_add_to_cart_link_describedby_1645\" class=\"screen-reader-text\">\n\t\tEste producto tiene m\u00faltiples variantes. Las opciones se pueden elegir en la p\u00e1gina de producto\t<\/span>\n                                                <\/div>\n                                            \n                                            \n                                        <\/div>\n                                        \n                                        <div class=\"content\">\n                                            <h4 class=\"title\"><a href=\"https:\/\/patriziamartos.com\/es\/producto\/custom-portraits\/\">RETRATOS<\/a><\/h4>\n                                            \n\t<span class=\"price\"><span class=\"woocommerce-Price-amount amount\" aria-hidden=\"true\"><bdi>120,00<span class=\"woocommerce-Price-currencySymbol\">&euro;<\/span><\/bdi><\/span> <span aria-hidden=\"true\">-<\/span> <span class=\"woocommerce-Price-amount amount\" aria-hidden=\"true\"><bdi>180,00<span class=\"woocommerce-Price-currencySymbol\">&euro;<\/span><\/bdi><\/span><span class=\"screen-reader-text\" data-no-translation=\"\" data-trp-gettext=\"\">Rango de precios: desde 120,00&euro; hasta 180,00&euro;<\/span> <small class=\"woocommerce-price-suffix\">IVA incluido<\/small><\/span>\n                                                                                    <\/div>\n                                    <\/div>\n\n                                <\/div>\n\n                                                       <\/div>\n                                    <\/div>\n            \n        <\/div>  \n\n\n        \t\t\t\t<\/div>\n\t\t\t\t<\/div>\n\t\t\t\t\t<\/div>\n\t\t<\/div>\n\t\t\t\t\t<\/div>\n\t\t<\/section>\n\t\t\t\t<section class=\"elementor-section elementor-top-section elementor-element elementor-element-cc10e98 elementor-section-boxed elementor-section-height-default elementor-section-height-default\" data-id=\"cc10e98\" data-element_type=\"section\">\n\t\t\t\t\t\t<div class=\"elementor-container elementor-column-gap-default\">\n\t\t\t\t\t<div class=\"elementor-column elementor-col-50 elementor-top-column elementor-element elementor-element-f77cb60\" data-id=\"f77cb60\" data-element_type=\"column\">\n\t\t\t<div class=\"elementor-widget-wrap\">\n\t\t\t\t\t\t\t<\/div>\n\t\t<\/div>\n\t\t\t\t<div class=\"elementor-column elementor-col-50 elementor-top-column elementor-element elementor-element-2d13f47\" data-id=\"2d13f47\" data-element_type=\"column\">\n\t\t\t<div class=\"elementor-widget-wrap elementor-element-populated\">\n\t\t\t\t\t\t<div class=\"elementor-element elementor-element-39851d4 elementor-widget__width-initial elementor-widget-mobile__width-initial elementor-widget elementor-widget-text-editor\" data-id=\"39851d4\" data-element_type=\"widget\" data-widget_type=\"text-editor.default\">\n\t\t\t\t<div class=\"elementor-widget-container\">\n\t\t\t\t\t\t\t\t\t<p><strong>INMORTALIZA MOMENTOS M\u00c1GICOS DE MANERA ESPECIAL<\/strong><\/p><p>He ilustrado familias, mascotas, parejas, amig@s, bodas, profesores, profesiones, momentos especiales...cualquier cosa que tengas en mente!<\/p><p>Solo tienes que enviarme algunas fotos y breve informaci\u00f3n de la gente a dibujar, yo a\u00f1adir\u00e9 todos esos detalles para hacer la ilustraci\u00f3n \u00fanica.<\/p><p>Env\u00edame toda la info a: <a href=\"mailto:patriziamartos.design@gmail.com\">patriziamartos.design@gmail.com.\u00a0 \u00a0 \u00a0<\/a><\/p><p>UN REGALO INOLVIDABLE<\/p><p><a href=\"https:\/\/patriziamartos.com\/es\/producto\/custom-portraits\/\"><img decoding=\"async\" class=\"wp-image-1711 aligncenter\" src=\"https:\/\/patriziamartos.com\/wp-content\/uploads\/2024\/08\/Sin-titulo-3-300x116.png\" alt=\"\" width=\"183\" height=\"53\" \/><\/a><\/p>\t\t\t\t\t\t\t\t<\/div>\n\t\t\t\t<\/div>\n\t\t\t\t\t<\/div>\n\t\t<\/div>\n\t\t\t\t\t<\/div>\n\t\t<\/section>\n\t\t\t\t<section class=\"elementor-section elementor-top-section elementor-element elementor-element-d377d2d elementor-section-boxed elementor-section-height-default elementor-section-height-default\" data-id=\"d377d2d\" data-element_type=\"section\">\n\t\t\t\t\t\t<div class=\"elementor-container elementor-column-gap-default\">\n\t\t\t\t\t<div class=\"elementor-column elementor-col-100 elementor-top-column elementor-element elementor-element-ce8dd7a\" data-id=\"ce8dd7a\" data-element_type=\"column\">\n\t\t\t<div class=\"elementor-widget-wrap elementor-element-populated\">\n\t\t\t\t\t\t<div class=\"elementor-element elementor-element-dcf6a30 elementor-widget elementor-widget-heading\" data-id=\"dcf6a30\" data-element_type=\"widget\" data-widget_type=\"heading.default\">\n\t\t\t\t<div class=\"elementor-widget-container\">\n\t\t\t\t\t<h2 class=\"elementor-heading-title elementor-size-default\">Echa un vistazo a algunos de los retratos<\/h2>\t\t\t\t<\/div>\n\t\t\t\t<\/div>\n\t\t\t\t\t<\/div>\n\t\t<\/div>\n\t\t\t\t\t<\/div>\n\t\t<\/section>\n\t\t\t\t<section class=\"elementor-section elementor-top-section elementor-element elementor-element-e6c72aa elementor-section-boxed elementor-section-height-default elementor-section-height-default\" data-id=\"e6c72aa\" data-element_type=\"section\">\n\t\t\t\t\t\t<div class=\"elementor-container elementor-column-gap-default\">\n\t\t\t\t\t<div class=\"elementor-column elementor-col-100 elementor-top-column elementor-element elementor-element-e90df5b\" data-id=\"e90df5b\" data-element_type=\"column\">\n\t\t\t<div class=\"elementor-widget-wrap elementor-element-populated\">\n\t\t\t\t\t\t<div class=\"elementor-element elementor-element-68dd7ba e-transform elementor-arrows-position-inside elementor-widget elementor-widget-image-carousel\" data-id=\"68dd7ba\" data-element_type=\"widget\" data-settings=\"{&quot;slides_to_show&quot;:&quot;4&quot;,&quot;navigation&quot;:&quot;arrows&quot;,&quot;image_spacing_custom&quot;:{&quot;unit&quot;:&quot;px&quot;,&quot;size&quot;:60,&quot;sizes&quot;:[]},&quot;slides_to_show_tablet&quot;:&quot;3&quot;,&quot;slides_to_show_mobile&quot;:&quot;1&quot;,&quot;autoplay&quot;:&quot;yes&quot;,&quot;pause_on_hover&quot;:&quot;yes&quot;,&quot;pause_on_interaction&quot;:&quot;yes&quot;,&quot;autoplay_speed&quot;:5000,&quot;infinite&quot;:&quot;yes&quot;,&quot;speed&quot;:500,&quot;image_spacing_custom_tablet&quot;:{&quot;unit&quot;:&quot;px&quot;,&quot;size&quot;:&quot;&quot;,&quot;sizes&quot;:[]},&quot;_transform_scaleX_effect_hover&quot;:{&quot;unit&quot;:&quot;px&quot;,&quot;size&quot;:&quot;&quot;,&quot;sizes&quot;:[]},&quot;_transform_scaleX_effect_hover_tablet&quot;:{&quot;unit&quot;:&quot;px&quot;,&quot;size&quot;:&quot;&quot;,&quot;sizes&quot;:[]},&quot;_transform_scaleX_effect_hover_mobile&quot;:{&quot;unit&quot;:&quot;px&quot;,&quot;size&quot;:&quot;&quot;,&quot;sizes&quot;:[]},&quot;_transform_scaleY_effect_hover&quot;:{&quot;unit&quot;:&quot;px&quot;,&quot;size&quot;:&quot;&quot;,&quot;sizes&quot;:[]},&quot;_transform_scaleY_effect_hover_tablet&quot;:{&quot;unit&quot;:&quot;px&quot;,&quot;size&quot;:&quot;&quot;,&quot;sizes&quot;:[]},&quot;_transform_scaleY_effect_hover_mobile&quot;:{&quot;unit&quot;:&quot;px&quot;,&quot;size&quot;:&quot;&quot;,&quot;sizes&quot;:[]}}\" data-widget_type=\"image-carousel.default\">\n\t\t\t\t<div class=\"elementor-widget-container\">\n\t\t\t\t\t\t\t<div class=\"elementor-image-carousel-wrapper swiper\" role=\"region\" aria-roledescription=\"carousel\" aria-label=\"Carrusel de im\u00e1genes\" dir=\"ltr\">\n\t\t\t<div class=\"elementor-image-carousel swiper-wrapper\" aria-live=\"off\">\n\t\t\t\t\t\t\t\t<div class=\"swiper-slide\" role=\"group\" aria-roledescription=\"slide\" aria-label=\"1 of 8\"><figure class=\"swiper-slide-inner\"><img decoding=\"async\" class=\"swiper-slide-image\" src=\"https:\/\/patriziamartos.com\/wp-content\/uploads\/2024\/08\/Negueruelas-copia-2-768x1086.png\" alt=\"Negueruelas copia 2\" \/><\/figure><\/div><div class=\"swiper-slide\" role=\"group\" aria-roledescription=\"slide\" aria-label=\"2 of 8\"><figure class=\"swiper-slide-inner\"><img decoding=\"async\" class=\"swiper-slide-image\" src=\"https:\/\/patriziamartos.com\/wp-content\/uploads\/2024\/08\/Zeladas-a4-con-margenes-para-impresion-copia-768x1087.png\" alt=\"Zeladas a4 con ma\u0301rgenes para impresio\u0301n copia\" \/><\/figure><\/div><div class=\"swiper-slide\" role=\"group\" aria-roledescription=\"slide\" aria-label=\"3 of 8\"><figure class=\"swiper-slide-inner\"><img decoding=\"async\" class=\"swiper-slide-image\" src=\"https:\/\/patriziamartos.com\/wp-content\/uploads\/2024\/08\/Juanan-copia-2-768x1086.png\" alt=\"Juanan copia 2\" \/><\/figure><\/div><div class=\"swiper-slide\" role=\"group\" aria-roledescription=\"slide\" aria-label=\"4 of 8\"><figure class=\"swiper-slide-inner\"><img decoding=\"async\" class=\"swiper-slide-image\" src=\"https:\/\/patriziamartos.com\/wp-content\/uploads\/2024\/08\/loli-copia-768x1132.png\" alt=\"loli copia\" \/><\/figure><\/div><div class=\"swiper-slide\" role=\"group\" aria-roledescription=\"slide\" aria-label=\"5 of 8\"><figure class=\"swiper-slide-inner\"><img decoding=\"async\" class=\"swiper-slide-image\" src=\"https:\/\/patriziamartos.com\/wp-content\/uploads\/2024\/08\/tarjeta-Navidad-familia-copia-768x1087.png\" alt=\"tarjeta Navidad familia copia\" \/><\/figure><\/div><div class=\"swiper-slide\" role=\"group\" aria-roledescription=\"slide\" aria-label=\"6 of 8\"><figure class=\"swiper-slide-inner\"><img decoding=\"async\" class=\"swiper-slide-image\" src=\"https:\/\/patriziamartos.com\/wp-content\/uploads\/2024\/08\/wedding-copia-2-768x1087.png\" alt=\"wedding copia 2\" \/><\/figure><\/div><div class=\"swiper-slide\" role=\"group\" aria-roledescription=\"slide\" aria-label=\"7 of 8\"><figure class=\"swiper-slide-inner\"><img decoding=\"async\" class=\"swiper-slide-image\" src=\"https:\/\/patriziamartos.com\/wp-content\/uploads\/2024\/08\/Ichi-Irene-1-copia-2-768x1086.png\" alt=\"Ichi Irene-1 copia 2\" \/><\/figure><\/div><div class=\"swiper-slide\" role=\"group\" aria-roledescription=\"slide\" aria-label=\"8 of 8\"><figure class=\"swiper-slide-inner\"><img decoding=\"async\" class=\"swiper-slide-image\" src=\"https:\/\/patriziamartos.com\/wp-content\/uploads\/2024\/08\/Aria\u00b4s-family-copia-768x1070.png\" alt=\"Aria\u00b4s family copia\" \/><\/figure><\/div>\t\t\t<\/div>\n\t\t\t\t\t\t\t\t\t\t\t\t<div class=\"elementor-swiper-button elementor-swiper-button-prev\" role=\"button\" tabindex=\"0\">\n\t\t\t\t\t\t<i aria-hidden=\"true\" class=\"eicon-chevron-left\"><\/i>\t\t\t\t\t<\/div>\n\t\t\t\t\t<div class=\"elementor-swiper-button elementor-swiper-button-next\" role=\"button\" tabindex=\"0\">\n\t\t\t\t\t\t<i aria-hidden=\"true\" class=\"eicon-chevron-right\"><\/i>\t\t\t\t\t<\/div>\n\t\t\t\t\n\t\t\t\t\t\t\t\t\t<\/div>\n\t\t\t\t\t\t<\/div>\n\t\t\t\t<\/div>\n\t\t\t\t\t<\/div>\n\t\t<\/div>\n\t\t\t\t\t<\/div>\n\t\t<\/section>\n\t\t\t\t<section class=\"elementor-section elementor-top-section elementor-element elementor-element-e74f20e elementor-section-boxed elementor-section-height-default elementor-section-height-default\" data-id=\"e74f20e\" data-element_type=\"section\">\n\t\t\t\t\t\t<div class=\"elementor-container elementor-column-gap-default\">\n\t\t\t\t\t<div class=\"elementor-column elementor-col-100 elementor-top-column elementor-element elementor-element-4cfea77\" data-id=\"4cfea77\" data-element_type=\"column\">\n\t\t\t<div class=\"elementor-widget-wrap elementor-element-populated\">\n\t\t\t\t\t\t<div class=\"elementor-element elementor-element-6039ff5 elementor-widget elementor-widget-heading\" data-id=\"6039ff5\" data-element_type=\"widget\" data-widget_type=\"heading.default\">\n\t\t\t\t<div class=\"elementor-widget-container\">\n\t\t\t\t\t<h4 class=\"elementor-heading-title elementor-size-default\">VER M\u00c1S<\/h4>\t\t\t\t<\/div>\n\t\t\t\t<\/div>\n\t\t\t\t\t<\/div>\n\t\t<\/div>\n\t\t\t\t\t<\/div>\n\t\t<\/section>\n\t\t\t\t<section class=\"elementor-section elementor-top-section elementor-element elementor-element-e62fcae elementor-section-boxed elementor-section-height-default elementor-section-height-default\" data-id=\"e62fcae\" data-element_type=\"section\">\n\t\t\t\t\t\t<div class=\"elementor-container elementor-column-gap-default\">\n\t\t\t\t\t<div class=\"elementor-column elementor-col-100 elementor-top-column elementor-element elementor-element-07ead82\" data-id=\"07ead82\" data-element_type=\"column\">\n\t\t\t<div class=\"elementor-widget-wrap elementor-element-populated\">\n\t\t\t\t\t\t<div class=\"elementor-element elementor-element-18e5086 wl-columns-mobile-2 elementor-widget-mobile__width-initial wl-columns-8 elementor-widget elementor-widget-wl-category-list\" data-id=\"18e5086\" data-element_type=\"widget\" data-widget_type=\"wl-category-list.default\">\n\t\t\t\t<div class=\"elementor-widget-container\">\n\t\t\t\t\t<div class=\"wl-row wlno-gutters wl-layout-horizontal\">        <div class=\"wl-col-8\">\n            <div class=\"wlsingle-categorie\">\n                                    <div class=\"wlsingle-categorie-img\">\n                        <a href=\"https:\/\/patriziamartos.com\/es\/categoria-producto\/zodiacs\/\" aria-label=\"ZODIACS\" rel=\"nofollow\">\n                            <img decoding=\"async\" width=\"800\" height=\"800\" src=\"https:\/\/patriziamartos.com\/wp-content\/uploads\/2024\/08\/categoria-zodiacos-1024x1024.jpg\" class=\"attachment-large size-large\" alt=\"\" srcset=\"https:\/\/patriziamartos.com\/wp-content\/uploads\/2024\/08\/categoria-zodiacos-1024x1024.jpg 1024w, https:\/\/patriziamartos.com\/wp-content\/uploads\/2024\/08\/categoria-zodiacos-300x300.jpg 300w, https:\/\/patriziamartos.com\/wp-content\/uploads\/2024\/08\/categoria-zodiacos-100x100.jpg 100w, https:\/\/patriziamartos.com\/wp-content\/uploads\/2024\/08\/categoria-zodiacos-600x600.jpg 600w, https:\/\/patriziamartos.com\/wp-content\/uploads\/2024\/08\/categoria-zodiacos-150x150.jpg 150w, https:\/\/patriziamartos.com\/wp-content\/uploads\/2024\/08\/categoria-zodiacos-768x768.jpg 768w, https:\/\/patriziamartos.com\/wp-content\/uploads\/2024\/08\/categoria-zodiacos.jpg 1200w\" sizes=\"(max-width: 800px) 100vw, 800px\" \/>                        <\/a>\n                    <\/div>\n                                <div class=\"wlcategorie-content\">\n                    <h4><a href=\"https:\/\/patriziamartos.com\/es\/categoria-producto\/zodiacs\/\" aria-label=\"ZODIACS\" rel=\"nofollow\">ZODIACS<\/a><sup>(12)<\/sup><\/h4>\n                    <p><\/p>\n                <\/div>\n            <\/div>\n        <\/div>\n                <div class=\"wl-col-8\">\n            <div class=\"wlsingle-categorie\">\n                                    <div class=\"wlsingle-categorie-img\">\n                        <a href=\"https:\/\/patriziamartos.com\/es\/categoria-producto\/prints\/\" aria-label=\"PRINTS\" rel=\"nofollow\">\n                            <img loading=\"lazy\" decoding=\"async\" width=\"800\" height=\"800\" src=\"https:\/\/patriziamartos.com\/wp-content\/uploads\/2024\/08\/foto-categoria-prints-1024x1024.jpg\" class=\"attachment-large size-large\" alt=\"\" srcset=\"https:\/\/patriziamartos.com\/wp-content\/uploads\/2024\/08\/foto-categoria-prints-1024x1024.jpg 1024w, https:\/\/patriziamartos.com\/wp-content\/uploads\/2024\/08\/foto-categoria-prints-300x300.jpg 300w, https:\/\/patriziamartos.com\/wp-content\/uploads\/2024\/08\/foto-categoria-prints-100x100.jpg 100w, https:\/\/patriziamartos.com\/wp-content\/uploads\/2024\/08\/foto-categoria-prints-600x600.jpg 600w, https:\/\/patriziamartos.com\/wp-content\/uploads\/2024\/08\/foto-categoria-prints-150x150.jpg 150w, https:\/\/patriziamartos.com\/wp-content\/uploads\/2024\/08\/foto-categoria-prints-768x768.jpg 768w, https:\/\/patriziamartos.com\/wp-content\/uploads\/2024\/08\/foto-categoria-prints.jpg 1200w\" sizes=\"(max-width: 800px) 100vw, 800px\" \/>                        <\/a>\n                    <\/div>\n                                <div class=\"wlcategorie-content\">\n                    <h4><a href=\"https:\/\/patriziamartos.com\/es\/categoria-producto\/prints\/\" aria-label=\"PRINTS\" rel=\"nofollow\">PRINTS<\/a><sup>(33)<\/sup><\/h4>\n                    <p><\/p>\n                <\/div>\n            <\/div>\n        <\/div>\n                <div class=\"wl-col-8\">\n            <div class=\"wlsingle-categorie\">\n                                    <div class=\"wlsingle-categorie-img\">\n                        <a href=\"https:\/\/patriziamartos.com\/es\/categoria-producto\/postcards\/\" aria-label=\"POSTCARDS\" rel=\"nofollow\">\n                            <img loading=\"lazy\" decoding=\"async\" width=\"800\" height=\"800\" src=\"https:\/\/patriziamartos.com\/wp-content\/uploads\/2024\/08\/categoria-postales-1024x1024.png\" class=\"attachment-large size-large\" alt=\"\" srcset=\"https:\/\/patriziamartos.com\/wp-content\/uploads\/2024\/08\/categoria-postales-1024x1024.png 1024w, https:\/\/patriziamartos.com\/wp-content\/uploads\/2024\/08\/categoria-postales-300x300.png 300w, https:\/\/patriziamartos.com\/wp-content\/uploads\/2024\/08\/categoria-postales-100x100.png 100w, https:\/\/patriziamartos.com\/wp-content\/uploads\/2024\/08\/categoria-postales-600x600.png 600w, https:\/\/patriziamartos.com\/wp-content\/uploads\/2024\/08\/categoria-postales-150x150.png 150w, https:\/\/patriziamartos.com\/wp-content\/uploads\/2024\/08\/categoria-postales-768x768.png 768w, https:\/\/patriziamartos.com\/wp-content\/uploads\/2024\/08\/categoria-postales.png 1200w\" sizes=\"(max-width: 800px) 100vw, 800px\" \/>                        <\/a>\n                    <\/div>\n                                <div class=\"wlcategorie-content\">\n                    <h4><a href=\"https:\/\/patriziamartos.com\/es\/categoria-producto\/postcards\/\" aria-label=\"POSTCARDS\" rel=\"nofollow\">POSTCARDS<\/a><sup>(27)<\/sup><\/h4>\n                    <p><\/p>\n                <\/div>\n            <\/div>\n        <\/div>\n                <div class=\"wl-col-8\">\n            <div class=\"wlsingle-categorie\">\n                                    <div class=\"wlsingle-categorie-img\">\n                        <a href=\"https:\/\/patriziamartos.com\/es\/categoria-producto\/kids-prints\/\" aria-label=\"KIDS PRINTS\" rel=\"nofollow\">\n                            <img loading=\"lazy\" decoding=\"async\" width=\"800\" height=\"800\" src=\"https:\/\/patriziamartos.com\/wp-content\/uploads\/2025\/06\/FOTO-CATEGORIA-1024x1024.jpg\" class=\"attachment-large size-large\" alt=\"\" srcset=\"https:\/\/patriziamartos.com\/wp-content\/uploads\/2025\/06\/FOTO-CATEGORIA-1024x1024.jpg 1024w, https:\/\/patriziamartos.com\/wp-content\/uploads\/2025\/06\/FOTO-CATEGORIA-300x300.jpg 300w, https:\/\/patriziamartos.com\/wp-content\/uploads\/2025\/06\/FOTO-CATEGORIA-150x150.jpg 150w, https:\/\/patriziamartos.com\/wp-content\/uploads\/2025\/06\/FOTO-CATEGORIA-768x768.jpg 768w, https:\/\/patriziamartos.com\/wp-content\/uploads\/2025\/06\/FOTO-CATEGORIA-12x12.jpg 12w, https:\/\/patriziamartos.com\/wp-content\/uploads\/2025\/06\/FOTO-CATEGORIA-600x600.jpg 600w, https:\/\/patriziamartos.com\/wp-content\/uploads\/2025\/06\/FOTO-CATEGORIA-100x100.jpg 100w, https:\/\/patriziamartos.com\/wp-content\/uploads\/2025\/06\/FOTO-CATEGORIA.jpg 1200w\" sizes=\"(max-width: 800px) 100vw, 800px\" \/>                        <\/a>\n                    <\/div>\n                                <div class=\"wlcategorie-content\">\n                    <h4><a href=\"https:\/\/patriziamartos.com\/es\/categoria-producto\/kids-prints\/\" aria-label=\"KIDS PRINTS\" rel=\"nofollow\">KIDS PRINTS<\/a><sup>(11)<\/sup><\/h4>\n                    <p><\/p>\n                <\/div>\n            <\/div>\n        <\/div>\n        <\/div>\t\t\t\t<\/div>\n\t\t\t\t<\/div>\n\t\t\t\t\t<\/div>\n\t\t<\/div>\n\t\t\t\t\t<\/div>\n\t\t<\/section>\n\t\t\t\t<\/div>","protected":false},"excerpt":{"rendered":"<p>Seleccionar opciones Este producto tiene m\u00faltiples variantes. Las opciones se pueden elegir en la p\u00e1gina de producto CUSTOM PORTRAITS 120,00&euro; &#8211; 180,00&euro;Rango de precios: desde 120,00&euro; hasta 180,00&euro; IVA incluido KEEP MAGICAL MOMENTS IN A VERY SPECIAL WAY I can illustrate families, pets, couples, friends, weddings, teachers, professions, special moments&#8230;anything you have in mind! You [&hellip;]<\/p>","protected":false},"author":1,"featured_media":0,"parent":0,"menu_order":0,"comment_status":"closed","ping_status":"closed","template":"","meta":{"footnotes":""},"class_list":["post-871","page","type-page","status-publish","hentry"],"_links":{"self":[{"href":"https:\/\/patriziamartos.com\/es\/wp-json\/wp\/v2\/pages\/871","targetHints":{"allow":["GET"]}}],"collection":[{"href":"https:\/\/patriziamartos.com\/es\/wp-json\/wp\/v2\/pages"}],"about":[{"href":"https:\/\/patriziamartos.com\/es\/wp-json\/wp\/v2\/types\/page"}],"author":[{"embeddable":true,"href":"https:\/\/patriziamartos.com\/es\/wp-json\/wp\/v2\/users\/1"}],"replies":[{"embeddable":true,"href":"https:\/\/patriziamartos.com\/es\/wp-json\/wp\/v2\/comments?post=871"}],"version-history":[{"count":152,"href":"https:\/\/patriziamartos.com\/es\/wp-json\/wp\/v2\/pages\/871\/revisions"}],"predecessor-version":[{"id":3141,"href":"https:\/\/patriziamartos.com\/es\/wp-json\/wp\/v2\/pages\/871\/revisions\/3141"}],"wp:attachment":[{"href":"https:\/\/patriziamartos.com\/es\/wp-json\/wp\/v2\/media?parent=871"}],"curies":[{"name":"wp","href":"https:\/\/api.w.org\/{rel}","templated":true}]}}