{"id":1925,"date":"2024-08-22T14:27:05","date_gmt":"2024-08-22T14:27:05","guid":{"rendered":"https:\/\/patriziamartos.com\/?page_id=1925"},"modified":"2025-09-02T15:52:28","modified_gmt":"2025-09-02T15:52:28","slug":"terms-and-conditions","status":"publish","type":"page","link":"https:\/\/patriziamartos.com\/es\/terms-and-conditions\/","title":{"rendered":"T\u00c9RMINOS Y CONDICIONES"},"content":{"rendered":"<div data-elementor-type=\"wp-page\" data-elementor-id=\"1925\" class=\"elementor elementor-1925\">\n\t\t\t\t\t\t<section class=\"elementor-section elementor-top-section elementor-element elementor-element-4ef8116 elementor-section-boxed elementor-section-height-default elementor-section-height-default\" data-id=\"4ef8116\" data-element_type=\"section\">\n\t\t\t\t\t\t<div class=\"elementor-container elementor-column-gap-default\">\n\t\t\t\t\t<div class=\"elementor-column elementor-col-100 elementor-top-column elementor-element elementor-element-126634a\" data-id=\"126634a\" data-element_type=\"column\">\n\t\t\t<div class=\"elementor-widget-wrap elementor-element-populated\">\n\t\t\t\t\t\t<div class=\"elementor-element elementor-element-0501b04 elementor-widget elementor-widget-heading\" data-id=\"0501b04\" data-element_type=\"widget\" data-widget_type=\"heading.default\">\n\t\t\t\t<div class=\"elementor-widget-container\">\n\t\t\t\t\t<h3 class=\"elementor-heading-title elementor-size-default\">T\u00c9RMINOS Y CONDICIONES<\/h3>\t\t\t\t<\/div>\n\t\t\t\t<\/div>\n\t\t\t\t\t<\/div>\n\t\t<\/div>\n\t\t\t\t\t<\/div>\n\t\t<\/section>\n\t\t\t\t<section class=\"elementor-section elementor-top-section elementor-element elementor-element-801bbac elementor-section-boxed elementor-section-height-default elementor-section-height-default\" data-id=\"801bbac\" data-element_type=\"section\">\n\t\t\t\t\t\t<div class=\"elementor-container elementor-column-gap-default\">\n\t\t\t\t\t<div class=\"elementor-column elementor-col-100 elementor-top-column elementor-element elementor-element-3c195c9\" data-id=\"3c195c9\" data-element_type=\"column\">\n\t\t\t<div class=\"elementor-widget-wrap elementor-element-populated\">\n\t\t\t\t\t\t<div class=\"elementor-element elementor-element-494988f elementor-widget elementor-widget-text-editor\" data-id=\"494988f\" data-element_type=\"widget\" data-widget_type=\"text-editor.default\">\n\t\t\t\t<div class=\"elementor-widget-container\">\n\t\t\t\t\t\t\t\t\t<p>Bienvenido a la tienda de Patrizia Martos, Si tienes alguna duda sobre estas condiciones, ponte en contacto con nosotros a trav\u00e9s del correo electr\u00f3nico patriziamartos.design@gmail.com<\/p><p><strong>Informaci\u00f3n de los productos.<br \/><\/strong>A trav\u00e9s de este sitio web, vendemos y distribuimos productos bajo la marca Patrizia Martos\u00ae.<\/p><p>Todos los dise\u00f1os fueron pintados a mano utilizando t\u00e9cnicas mixtas, las copias se imprimen en una imprenta cercana, apoyando as\u00ed el comercio local.<\/p><p><strong>Propiedad Intelectual.<br \/><\/strong>Todos los productos en venta en www.patriziamartos.com est\u00e1n sujetos a derechos de autor y de propiedad intelectual, de los que Patrizia Martos es titular \u00fanica y exclusivamente. En ning\u00fan caso se podr\u00e1n transmitir o ceder los derechos antes mencionados sin nuestro previo consentimiento expreso y por escrito.<\/p><p>Los contenidos de esta web no podr\u00e1n ser reinterpretados, distribuidos o utilizados con fines comerciales.<\/p><p><strong>Precios e impuestos.<br \/><\/strong>El precio final de cada producto de esta web incluye el IVA vigente en Espa\u00f1a, que es del 21%.<\/p><p><strong>M\u00e9todos de pago.<\/strong>.<br \/>Puede pagar nuestros productos con tarjeta de d\u00e9bito o cr\u00e9dito o con la plataforma de pago segura Paypal. No es necesario tener una cuenta de Paypal, realice el pago con Paypal de todos modos y siga las instrucciones.<\/p><p><strong>Cookies. <\/strong>Si dejas un comentario en nuestro sitio, puedes optar por guardar tu nombre, direcci\u00f3n de correo electr\u00f3nico y sitio web en cookies. Esto es para tu comodidad, para que no tengas que volver a rellenar tus datos cuando dejes otro comentario. Estas cookies durar\u00e1n un a\u00f1o.<\/p><p>Si tienes una cuenta y te conectas a este sitio, instalaremos una cookie temporal para determinar si tu navegador acepta cookies. Esta cookie no contiene datos personales y se elimina cuando cierras el navegador.<\/p><p>Cuando inicie sesi\u00f3n, tambi\u00e9n instalaremos varias cookies para guardar su informaci\u00f3n de inicio de sesi\u00f3n y sus opciones de visualizaci\u00f3n de pantalla. Las cookies de inicio de sesi\u00f3n duran dos d\u00edas y las cookies de opciones de pantalla duran un a\u00f1o. Si selecciona \"Recordarme\", su inicio de sesi\u00f3n se mantendr\u00e1 durante dos semanas. Si cierra sesi\u00f3n en su cuenta, se eliminar\u00e1n las cookies de inicio de sesi\u00f3n.<\/p><p>Si editas o publicas un art\u00edculo, se guardar\u00e1 una cookie adicional en tu navegador. Esta cookie no incluye datos personales y simplemente indica el ID del art\u00edculo que acabas de editar. Caduca al cabo de 1 d\u00eda.<\/p>\t\t\t\t\t\t\t\t<\/div>\n\t\t\t\t<\/div>\n\t\t\t\t\t<\/div>\n\t\t<\/div>\n\t\t\t\t\t<\/div>\n\t\t<\/section>\n\t\t\t\t<\/div>","protected":false},"excerpt":{"rendered":"<p>TERMS AND CONDITIONS Welcome to Patrizia Martos shop, If you have any questions about these conditions, please contact us by email on patriziamartos.design@gmail.com Product information.Through this website, we sell and distribute products under the Patrizia Martos\u00ae brand. All designs were hand painted using mix media, the copies are printed in local printing company in order [&hellip;]<\/p>","protected":false},"author":1,"featured_media":0,"parent":0,"menu_order":0,"comment_status":"closed","ping_status":"closed","template":"","meta":{"footnotes":""},"class_list":["post-1925","page","type-page","status-publish","hentry"],"_links":{"self":[{"href":"https:\/\/patriziamartos.com\/es\/wp-json\/wp\/v2\/pages\/1925","targetHints":{"allow":["GET"]}}],"collection":[{"href":"https:\/\/patriziamartos.com\/es\/wp-json\/wp\/v2\/pages"}],"about":[{"href":"https:\/\/patriziamartos.com\/es\/wp-json\/wp\/v2\/types\/page"}],"author":[{"embeddable":true,"href":"https:\/\/patriziamartos.com\/es\/wp-json\/wp\/v2\/users\/1"}],"replies":[{"embeddable":true,"href":"https:\/\/patriziamartos.com\/es\/wp-json\/wp\/v2\/comments?post=1925"}],"version-history":[{"count":19,"href":"https:\/\/patriziamartos.com\/es\/wp-json\/wp\/v2\/pages\/1925\/revisions"}],"predecessor-version":[{"id":2875,"href":"https:\/\/patriziamartos.com\/es\/wp-json\/wp\/v2\/pages\/1925\/revisions\/2875"}],"wp:attachment":[{"href":"https:\/\/patriziamartos.com\/es\/wp-json\/wp\/v2\/media?parent=1925"}],"curies":[{"name":"wp","href":"https:\/\/api.w.org\/{rel}","templated":true}]}}