{"id":1910,"date":"2024-08-21T19:40:32","date_gmt":"2024-08-21T19:40:32","guid":{"rendered":"https:\/\/patriziamartos.com\/?page_id=1910"},"modified":"2025-09-02T15:01:29","modified_gmt":"2025-09-02T15:01:29","slug":"returns","status":"publish","type":"page","link":"https:\/\/patriziamartos.com\/es\/returns\/","title":{"rendered":"DEVOLUCIONES"},"content":{"rendered":"<div data-elementor-type=\"wp-page\" data-elementor-id=\"1910\" class=\"elementor elementor-1910\">\n\t\t\t\t\t\t<section class=\"elementor-section elementor-top-section elementor-element elementor-element-ff5a5ba elementor-section-boxed elementor-section-height-default elementor-section-height-default\" data-id=\"ff5a5ba\" data-element_type=\"section\">\n\t\t\t\t\t\t<div class=\"elementor-container elementor-column-gap-default\">\n\t\t\t\t\t<div class=\"elementor-column elementor-col-100 elementor-top-column elementor-element elementor-element-faac53a\" data-id=\"faac53a\" data-element_type=\"column\">\n\t\t\t<div class=\"elementor-widget-wrap elementor-element-populated\">\n\t\t\t\t\t\t<div class=\"elementor-element elementor-element-f29272c elementor-widget elementor-widget-heading\" data-id=\"f29272c\" data-element_type=\"widget\" data-widget_type=\"heading.default\">\n\t\t\t\t<div class=\"elementor-widget-container\">\n\t\t\t\t\t<h3 class=\"elementor-heading-title elementor-size-default\">DEVOLUCIONES, REEMBOLSOS Y CAMBIOS<\/h3>\t\t\t\t<\/div>\n\t\t\t\t<\/div>\n\t\t\t\t\t<\/div>\n\t\t<\/div>\n\t\t\t\t\t<\/div>\n\t\t<\/section>\n\t\t\t\t<section class=\"elementor-section elementor-top-section elementor-element elementor-element-00c21bc elementor-section-boxed elementor-section-height-default elementor-section-height-default\" data-id=\"00c21bc\" data-element_type=\"section\">\n\t\t\t\t\t\t<div class=\"elementor-container elementor-column-gap-default\">\n\t\t\t\t\t<div class=\"elementor-column elementor-col-100 elementor-top-column elementor-element elementor-element-5b35ca8\" data-id=\"5b35ca8\" data-element_type=\"column\">\n\t\t\t<div class=\"elementor-widget-wrap elementor-element-populated\">\n\t\t\t\t\t\t<div class=\"elementor-element elementor-element-bbe4018 elementor-widget elementor-widget-text-editor\" data-id=\"bbe4018\" data-element_type=\"widget\" data-widget_type=\"text-editor.default\">\n\t\t\t\t<div class=\"elementor-widget-container\">\n\t\t\t\t\t\t\t\t\t<p>Nuestra pol\u00edtica de <strong>devoluciones y cambios<\/strong> Tiene una duraci\u00f3n de 30 d\u00edas. Si han pasado 30 d\u00edas desde tu compra, no podemos ofrecerte un reembolso completo ni un cambio.<\/p>\n<p><!-- \/wp:paragraph --><!-- wp:paragraph --><\/p>\n<p>Para poder realizar una devoluci\u00f3n, el art\u00edculo debe estar sin usar y en las mismas condiciones en las que lo recibiste. Tambi\u00e9n debe estar en el embalaje original.<\/p>\n<p>Los productos descargables est\u00e1n exentos de devoluci\u00f3n.<\/p>\n<p>Los clientes ser\u00e1n responsables de los costos de env\u00edo a menos que haya un error o mercanc\u00eda defectuosa. No aceptamos env\u00edos a portes debidos. Env\u00ede sus devoluciones a trav\u00e9s de una empresa de env\u00edos seria. No seremos responsables de ning\u00fan da\u00f1o, p\u00e9rdida o robo durante el transporte.<\/p>\n<p>Una vez comprobemos que el producto devuelto est\u00e1 en perfecto estado, tramitaremos el cambio o la devoluci\u00f3n del importe. El reembolso se efectuar\u00e1 en el mismo m\u00e9todo de pago original en un plazo de cinco d\u00edas laborables desde la recepci\u00f3n de la mercanc\u00eda.<\/p>\n<p>Para devolver su producto, debe enviarlo por correo a: Patrizia Martos C\/Granada 53, escalera B, 1J, 28007, Madrid, Espa\u00f1a<\/p>\n<p><strong>Cambios<\/strong>\u00a0podr\u00e1n hacerse por un art\u00edculo de precio similar o superior. En caso de precio superior deber\u00e1 abonar la diferencia.<\/p>\n<p><strong>Aceptaci\u00f3n de las condiciones de compra.<br \/><\/strong>Al comprar cualquier producto vendido en este sitio web, usted reconoce y acepta las condiciones legales de este sitio web: condiciones de compra y advertencia legal. (Benjamin Medcalf Y2435739F)<\/p>\n<p><!-- wp:paragraph --><\/p>\n<p><strong>\u00bfNecesitas ayuda? <\/strong>Cont\u00e1ctanos en: <a href=\"mailto:patriziamartos.design@gmail.com\">patriziamartos.design@gmail.com<\/a> para cuestiones relacionadas con cambios, reembolsos y devoluciones.<\/p>\n<p><!-- \/wp:paragraph --><\/p>\t\t\t\t\t\t\t\t<\/div>\n\t\t\t\t<\/div>\n\t\t\t\t\t<\/div>\n\t\t<\/div>\n\t\t\t\t\t<\/div>\n\t\t<\/section>\n\t\t\t\t<\/div>","protected":false},"excerpt":{"rendered":"<p>RETURNS, REFUNDS and EXCHANGES Our refund and returns policy lasts 30 days. If 30 days have passed since your purchase, we can\u2019t offer you a full refund or exchange. To be eligible for a return, your item must be unused and in the same condition that you received it. It must also be in the [&hellip;]<\/p>","protected":false},"author":1,"featured_media":0,"parent":0,"menu_order":0,"comment_status":"closed","ping_status":"closed","template":"","meta":{"footnotes":""},"class_list":["post-1910","page","type-page","status-publish","hentry"],"_links":{"self":[{"href":"https:\/\/patriziamartos.com\/es\/wp-json\/wp\/v2\/pages\/1910","targetHints":{"allow":["GET"]}}],"collection":[{"href":"https:\/\/patriziamartos.com\/es\/wp-json\/wp\/v2\/pages"}],"about":[{"href":"https:\/\/patriziamartos.com\/es\/wp-json\/wp\/v2\/types\/page"}],"author":[{"embeddable":true,"href":"https:\/\/patriziamartos.com\/es\/wp-json\/wp\/v2\/users\/1"}],"replies":[{"embeddable":true,"href":"https:\/\/patriziamartos.com\/es\/wp-json\/wp\/v2\/comments?post=1910"}],"version-history":[{"count":19,"href":"https:\/\/patriziamartos.com\/es\/wp-json\/wp\/v2\/pages\/1910\/revisions"}],"predecessor-version":[{"id":2860,"href":"https:\/\/patriziamartos.com\/es\/wp-json\/wp\/v2\/pages\/1910\/revisions\/2860"}],"wp:attachment":[{"href":"https:\/\/patriziamartos.com\/es\/wp-json\/wp\/v2\/media?parent=1910"}],"curies":[{"name":"wp","href":"https:\/\/api.w.org\/{rel}","templated":true}]}}