{"id":1905,"date":"2024-08-21T19:25:08","date_gmt":"2024-08-21T19:25:08","guid":{"rendered":"https:\/\/patriziamartos.com\/?page_id=1905"},"modified":"2025-09-02T15:48:00","modified_gmt":"2025-09-02T15:48:00","slug":"shipping","status":"publish","type":"page","link":"https:\/\/patriziamartos.com\/es\/shipping\/","title":{"rendered":"ENV\u00cdO"},"content":{"rendered":"<div data-elementor-type=\"wp-page\" data-elementor-id=\"1905\" class=\"elementor elementor-1905\">\n\t\t\t\t\t\t<section class=\"elementor-section elementor-top-section elementor-element elementor-element-b299abf elementor-section-boxed elementor-section-height-default elementor-section-height-default\" data-id=\"b299abf\" data-element_type=\"section\">\n\t\t\t\t\t\t<div class=\"elementor-container elementor-column-gap-default\">\n\t\t\t\t\t<div class=\"elementor-column elementor-col-100 elementor-top-column elementor-element elementor-element-f2d8748\" data-id=\"f2d8748\" data-element_type=\"column\">\n\t\t\t<div class=\"elementor-widget-wrap elementor-element-populated\">\n\t\t\t\t\t\t<div class=\"elementor-element elementor-element-9f304f3 elementor-widget elementor-widget-heading\" data-id=\"9f304f3\" data-element_type=\"widget\" data-widget_type=\"heading.default\">\n\t\t\t\t<div class=\"elementor-widget-container\">\n\t\t\t\t\t<h3 class=\"elementor-heading-title elementor-size-default\">INFORMACI\u00d3N DE ENV\u00cdO<\/h3>\t\t\t\t<\/div>\n\t\t\t\t<\/div>\n\t\t\t\t\t<\/div>\n\t\t<\/div>\n\t\t\t\t\t<\/div>\n\t\t<\/section>\n\t\t\t\t<section class=\"elementor-section elementor-top-section elementor-element elementor-element-882cd5c elementor-section-boxed elementor-section-height-default elementor-section-height-default\" data-id=\"882cd5c\" data-element_type=\"section\">\n\t\t\t\t\t\t<div class=\"elementor-container elementor-column-gap-default\">\n\t\t\t\t\t<div class=\"elementor-column elementor-col-100 elementor-top-column elementor-element elementor-element-b6e9746\" data-id=\"b6e9746\" data-element_type=\"column\">\n\t\t\t<div class=\"elementor-widget-wrap elementor-element-populated\">\n\t\t\t\t\t\t<div class=\"elementor-element elementor-element-3b622cb elementor-widget elementor-widget-text-editor\" data-id=\"3b622cb\" data-element_type=\"widget\" data-widget_type=\"text-editor.default\">\n\t\t\t\t<div class=\"elementor-widget-container\">\n\t\t\t\t\t\t\t\t\t<p>\u00a1Gracias por comprar nuestros productos! Esperamos que los disfrutes.<\/p><p>Todos los pedidos se env\u00edan desde Espa\u00f1a (Madrid) con n\u00famero de env\u00edo. Los paquetes se env\u00edan en un plazo de 24 a 72 horas tras la confirmaci\u00f3n del pago.<\/p><p>Tiempo estimado de entrega:<\/p><p>* Espa\u00f1a: 72 horas<\/p><p>La mayor\u00eda de los productos llegar\u00e1n dentro del tiempo estimado de entrega, pero en ocasiones pueden demorarse, depender\u00e1 del servicio de aduanas de cada pa\u00eds.<\/p><p>Actualmente no realizo env\u00edos fuera de Espa\u00f1a, pero si est\u00e1s muy interesado puedes escribirme a <a href=\"mailto:patriziamartos.design@gmail.com\">patriziamartos.design@gmail.com<\/a> y encontrar\u00e9 una tarifa de env\u00edo baja. Tambi\u00e9n hay una versi\u00f3n descargable de todas las impresiones de arte sin gastos de env\u00edo.<\/p><p>Todos los impuestos, aduanas y tarifas cobradas por pedidos internacionales son responsabilidad del comprador.<\/p><p>Al realizar el pedido, por favor, comprueba la direcci\u00f3n y los datos de entrega. Si hubiera alg\u00fan error en la direcci\u00f3n de entrega, el nuevo env\u00edo correr\u00e1 a tu cargo. Si el servicio de correos no puede realizar la entrega en la direcci\u00f3n proporcionada y el paquete permanece 15 d\u00edas en la oficina de correos, ser\u00e1 devuelto a nuestro estudio y tendr\u00e1s que pagar el nuevo env\u00edo.<\/p>\t\t\t\t\t\t\t\t<\/div>\n\t\t\t\t<\/div>\n\t\t\t\t\t<\/div>\n\t\t<\/div>\n\t\t\t\t\t<\/div>\n\t\t<\/section>\n\t\t\t\t<\/div>","protected":false},"excerpt":{"rendered":"<p>SHIPPING INFO \u00a1Thanks for buying our products! We hope you enjoy your purchase. All orders are shipped from Spain (Madrid) with shipping number. \u2028The packages are dispatched 24-72 hours after payment is confirmed. Estimated delivery time using Tracked shipping: * To Spain: 72 hours The majority of items will arrive well within this time frame [&hellip;]<\/p>","protected":false},"author":1,"featured_media":0,"parent":0,"menu_order":0,"comment_status":"closed","ping_status":"closed","template":"","meta":{"footnotes":""},"class_list":["post-1905","page","type-page","status-publish","hentry"],"_links":{"self":[{"href":"https:\/\/patriziamartos.com\/es\/wp-json\/wp\/v2\/pages\/1905","targetHints":{"allow":["GET"]}}],"collection":[{"href":"https:\/\/patriziamartos.com\/es\/wp-json\/wp\/v2\/pages"}],"about":[{"href":"https:\/\/patriziamartos.com\/es\/wp-json\/wp\/v2\/types\/page"}],"author":[{"embeddable":true,"href":"https:\/\/patriziamartos.com\/es\/wp-json\/wp\/v2\/users\/1"}],"replies":[{"embeddable":true,"href":"https:\/\/patriziamartos.com\/es\/wp-json\/wp\/v2\/comments?post=1905"}],"version-history":[{"count":34,"href":"https:\/\/patriziamartos.com\/es\/wp-json\/wp\/v2\/pages\/1905\/revisions"}],"predecessor-version":[{"id":2872,"href":"https:\/\/patriziamartos.com\/es\/wp-json\/wp\/v2\/pages\/1905\/revisions\/2872"}],"wp:attachment":[{"href":"https:\/\/patriziamartos.com\/es\/wp-json\/wp\/v2\/media?parent=1905"}],"curies":[{"name":"wp","href":"https:\/\/api.w.org\/{rel}","templated":true}]}}